{"id":312,"date":"2023-05-09T20:06:02","date_gmt":"2023-05-10T00:06:02","guid":{"rendered":"https:\/\/pharmaflo.wpengine.com\/?page_id=312"},"modified":"2023-09-14T14:58:17","modified_gmt":"2023-09-14T18:58:17","slug":"contactez-nous","status":"publish","type":"page","link":"https:\/\/pharmaflo.ca\/fr\/contactez-nous\/","title":{"rendered":"Contactez-nous"},"content":{"rendered":"<div id=\"cs-content\" class=\"cs-content\"><\/div>\n","protected":false},"excerpt":{"rendered":"<p>Contactez-nousVous souhaitez prendre contact avec nous ? Remplissez le formulaire ci-dessous ou bien envoyez-nous un courriel directement \u00e0 l&rsquo;adresse info@pharmaflo.ca. + 1 866-974-2762 500 Bd des Affaires, Gatineau, QC J8R 2Z8Directions\u00c9crivez-nousVous avez des questions pour notre \u00e9quipe? Remplissez le formulaire ci-dessous pour nous contacter. Nous vous r\u00e9pondrons bient\u00f4t ! Motif du contactInformation g\u00e9n\u00e9raleM\u00e9diasInvestisseurs &#916;<\/p>\n","protected":false},"author":2,"featured_media":0,"parent":0,"menu_order":0,"comment_status":"closed","ping_status":"closed","template":"template-blank-4.php","meta":{"footnotes":""},"class_list":["post-312","page","type-page","status-publish","hentry","no-post-thumbnail"],"acf":[],"yoast_head":"<!-- This site is optimized with the Yoast SEO plugin v22.2 - https:\/\/yoast.com\/wordpress\/plugins\/seo\/ -->\n<title>Contactez-nous - PharmaFlo<\/title>\n<meta name=\"description\" content=\"Communiquez avec l&#039;\u00e9quipe de PharmaFlo d\u00e8s aujourd&#039;hui! Remplissez le formulaire et nous vous contacterons bient\u00f4t.\" \/>\n<meta name=\"robots\" content=\"index, follow, max-snippet:-1, max-image-preview:large, max-video-preview:-1\" \/>\n<link rel=\"canonical\" href=\"https:\/\/pharmaflo.ca\/fr\/contactez-nous\/\" \/>\n<meta property=\"og:locale\" content=\"fr_FR\" \/>\n<meta property=\"og:type\" content=\"article\" \/>\n<meta property=\"og:title\" content=\"Contactez-nous - PharmaFlo\" \/>\n<meta property=\"og:description\" content=\"Communiquez avec l&#039;\u00e9quipe de PharmaFlo d\u00e8s aujourd&#039;hui! Remplissez le formulaire et nous vous contacterons bient\u00f4t.\" \/>\n<meta property=\"og:url\" content=\"https:\/\/pharmaflo.ca\/fr\/contactez-nous\/\" \/>\n<meta property=\"og:site_name\" content=\"PharmaFlo\" \/>\n<meta property=\"article:modified_time\" content=\"2023-09-14T18:58:17+00:00\" \/>\n<meta name=\"twitter:card\" content=\"summary_large_image\" \/>\n<meta name=\"twitter:label1\" content=\"Dur\u00e9e de lecture estim\u00e9e\" \/>\n\t<meta name=\"twitter:data1\" content=\"1 minute\" \/>\n<script type=\"application\/ld+json\" class=\"yoast-schema-graph\">{\"@context\":\"https:\/\/schema.org\",\"@graph\":[{\"@type\":\"WebPage\",\"@id\":\"https:\/\/pharmaflo.ca\/fr\/contactez-nous\/\",\"url\":\"https:\/\/pharmaflo.ca\/fr\/contactez-nous\/\",\"name\":\"Contactez-nous - PharmaFlo\",\"isPartOf\":{\"@id\":\"https:\/\/pharmaflo.ca\/fr\/#website\"},\"datePublished\":\"2023-05-10T00:06:02+00:00\",\"dateModified\":\"2023-09-14T18:58:17+00:00\",\"description\":\"Communiquez avec l'\u00e9quipe de PharmaFlo d\u00e8s aujourd'hui! Remplissez le formulaire et nous vous contacterons bient\u00f4t.\",\"breadcrumb\":{\"@id\":\"https:\/\/pharmaflo.ca\/fr\/contactez-nous\/#breadcrumb\"},\"inLanguage\":\"fr-FR\",\"potentialAction\":[{\"@type\":\"ReadAction\",\"target\":[\"https:\/\/pharmaflo.ca\/fr\/contactez-nous\/\"]}]},{\"@type\":\"BreadcrumbList\",\"@id\":\"https:\/\/pharmaflo.ca\/fr\/contactez-nous\/#breadcrumb\",\"itemListElement\":[{\"@type\":\"ListItem\",\"position\":1,\"name\":\"Home\",\"item\":\"https:\/\/pharmaflo.ca\/fr\/accueil\/\"},{\"@type\":\"ListItem\",\"position\":2,\"name\":\"Contactez-nous\"}]},{\"@type\":\"WebSite\",\"@id\":\"https:\/\/pharmaflo.ca\/fr\/#website\",\"url\":\"https:\/\/pharmaflo.ca\/fr\/\",\"name\":\"PharmaFlo\",\"description\":\"Leader In Pharmaceutical Plant-Based Compounds\",\"potentialAction\":[{\"@type\":\"SearchAction\",\"target\":{\"@type\":\"EntryPoint\",\"urlTemplate\":\"https:\/\/pharmaflo.ca\/fr\/?s={search_term_string}\"},\"query-input\":\"required name=search_term_string\"}],\"inLanguage\":\"fr-FR\"}]}<\/script>\n<!-- \/ Yoast SEO plugin. -->","yoast_head_json":{"title":"Contactez-nous - PharmaFlo","description":"Communiquez avec l'\u00e9quipe de PharmaFlo d\u00e8s aujourd'hui! Remplissez le formulaire et nous vous contacterons bient\u00f4t.","robots":{"index":"index","follow":"follow","max-snippet":"max-snippet:-1","max-image-preview":"max-image-preview:large","max-video-preview":"max-video-preview:-1"},"canonical":"https:\/\/pharmaflo.ca\/fr\/contactez-nous\/","og_locale":"fr_FR","og_type":"article","og_title":"Contactez-nous - PharmaFlo","og_description":"Communiquez avec l'\u00e9quipe de PharmaFlo d\u00e8s aujourd'hui! Remplissez le formulaire et nous vous contacterons bient\u00f4t.","og_url":"https:\/\/pharmaflo.ca\/fr\/contactez-nous\/","og_site_name":"PharmaFlo","article_modified_time":"2023-09-14T18:58:17+00:00","twitter_card":"summary_large_image","twitter_misc":{"Dur\u00e9e de lecture estim\u00e9e":"1 minute"},"schema":{"@context":"https:\/\/schema.org","@graph":[{"@type":"WebPage","@id":"https:\/\/pharmaflo.ca\/fr\/contactez-nous\/","url":"https:\/\/pharmaflo.ca\/fr\/contactez-nous\/","name":"Contactez-nous - PharmaFlo","isPartOf":{"@id":"https:\/\/pharmaflo.ca\/fr\/#website"},"datePublished":"2023-05-10T00:06:02+00:00","dateModified":"2023-09-14T18:58:17+00:00","description":"Communiquez avec l'\u00e9quipe de PharmaFlo d\u00e8s aujourd'hui! Remplissez le formulaire et nous vous contacterons bient\u00f4t.","breadcrumb":{"@id":"https:\/\/pharmaflo.ca\/fr\/contactez-nous\/#breadcrumb"},"inLanguage":"fr-FR","potentialAction":[{"@type":"ReadAction","target":["https:\/\/pharmaflo.ca\/fr\/contactez-nous\/"]}]},{"@type":"BreadcrumbList","@id":"https:\/\/pharmaflo.ca\/fr\/contactez-nous\/#breadcrumb","itemListElement":[{"@type":"ListItem","position":1,"name":"Home","item":"https:\/\/pharmaflo.ca\/fr\/accueil\/"},{"@type":"ListItem","position":2,"name":"Contactez-nous"}]},{"@type":"WebSite","@id":"https:\/\/pharmaflo.ca\/fr\/#website","url":"https:\/\/pharmaflo.ca\/fr\/","name":"PharmaFlo","description":"Leader In Pharmaceutical Plant-Based Compounds","potentialAction":[{"@type":"SearchAction","target":{"@type":"EntryPoint","urlTemplate":"https:\/\/pharmaflo.ca\/fr\/?s={search_term_string}"},"query-input":"required name=search_term_string"}],"inLanguage":"fr-FR"}]}},"_links":{"self":[{"href":"https:\/\/pharmaflo.ca\/fr\/wp-json\/wp\/v2\/pages\/312","targetHints":{"allow":["GET"]}}],"collection":[{"href":"https:\/\/pharmaflo.ca\/fr\/wp-json\/wp\/v2\/pages"}],"about":[{"href":"https:\/\/pharmaflo.ca\/fr\/wp-json\/wp\/v2\/types\/page"}],"author":[{"embeddable":true,"href":"https:\/\/pharmaflo.ca\/fr\/wp-json\/wp\/v2\/users\/2"}],"replies":[{"embeddable":true,"href":"https:\/\/pharmaflo.ca\/fr\/wp-json\/wp\/v2\/comments?post=312"}],"version-history":[{"count":0,"href":"https:\/\/pharmaflo.ca\/fr\/wp-json\/wp\/v2\/pages\/312\/revisions"}],"wp:attachment":[{"href":"https:\/\/pharmaflo.ca\/fr\/wp-json\/wp\/v2\/media?parent=312"}],"curies":[{"name":"wp","href":"https:\/\/api.w.org\/{rel}","templated":true}]}}