{"id":311,"date":"2023-05-07T17:13:50","date_gmt":"2023-05-07T21:13:50","guid":{"rendered":"https:\/\/pharmaflo.wpengine.com\/?page_id=311"},"modified":"2023-11-23T16:38:07","modified_gmt":"2023-11-23T21:38:07","slug":"a-propos","status":"publish","type":"page","link":"https:\/\/pharmaflo.ca\/fr\/a-propos\/","title":{"rendered":"\u00c0 propos"},"content":{"rendered":"<div id=\"cs-content\" class=\"cs-content\"><\/div>\n","protected":false},"excerpt":{"rendered":"<p>\u00c0 propos de nousNotre vision d&rsquo;un centre \u00e9cologiquement durable qui permettrait la production et l&rsquo;extraction optimales de m\u00e9tabolites secondaires de plantes s&rsquo;est concr\u00e9tis\u00e9e avec la construction de notre tout premier site \u00e0 Gatineau, au Qu\u00e9bec. Notre installation poss\u00e8de maintenant des installations qui contribuent au d\u00e9veloppement de m\u00e9dicaments pharmaceutiques \u00e0 base de plantes pour des maladies telles que la maladie de &#8230;<\/p>\n","protected":false},"author":2,"featured_media":0,"parent":0,"menu_order":0,"comment_status":"closed","ping_status":"closed","template":"template-blank-4.php","meta":{"footnotes":""},"class_list":["post-311","page","type-page","status-publish","hentry","no-post-thumbnail"],"acf":[],"yoast_head":"<!-- This site is optimized with the Yoast SEO plugin v22.2 - https:\/\/yoast.com\/wordpress\/plugins\/seo\/ -->\n<title>\u00c0 propos - PharmaFlo<\/title>\n<meta name=\"description\" content=\"Notre mission est de r\u00e9inventer la fa\u00e7on dont nous cultivons les plantes avec une technologie de pointe et l&#039;intelligence artificielle.\" \/>\n<meta name=\"robots\" content=\"index, follow, max-snippet:-1, max-image-preview:large, max-video-preview:-1\" \/>\n<link rel=\"canonical\" href=\"https:\/\/pharmaflo.ca\/fr\/a-propos\/\" \/>\n<meta property=\"og:locale\" content=\"fr_FR\" \/>\n<meta property=\"og:type\" content=\"article\" \/>\n<meta property=\"og:title\" content=\"\u00c0 propos - PharmaFlo\" \/>\n<meta property=\"og:description\" content=\"Notre mission est de r\u00e9inventer la fa\u00e7on dont nous cultivons les plantes avec une technologie de pointe et l&#039;intelligence artificielle.\" \/>\n<meta property=\"og:url\" content=\"https:\/\/pharmaflo.ca\/fr\/a-propos\/\" \/>\n<meta property=\"og:site_name\" content=\"PharmaFlo\" \/>\n<meta property=\"article:modified_time\" content=\"2023-11-23T21:38:07+00:00\" \/>\n<meta name=\"twitter:card\" content=\"summary_large_image\" \/>\n<meta name=\"twitter:label1\" content=\"Dur\u00e9e de lecture estim\u00e9e\" \/>\n\t<meta name=\"twitter:data1\" content=\"3 minutes\" \/>\n<script type=\"application\/ld+json\" class=\"yoast-schema-graph\">{\"@context\":\"https:\/\/schema.org\",\"@graph\":[{\"@type\":\"WebPage\",\"@id\":\"https:\/\/pharmaflo.ca\/fr\/a-propos\/\",\"url\":\"https:\/\/pharmaflo.ca\/fr\/a-propos\/\",\"name\":\"\u00c0 propos - PharmaFlo\",\"isPartOf\":{\"@id\":\"https:\/\/pharmaflo.ca\/fr\/#website\"},\"datePublished\":\"2023-05-07T21:13:50+00:00\",\"dateModified\":\"2023-11-23T21:38:07+00:00\",\"description\":\"Notre mission est de r\u00e9inventer la fa\u00e7on dont nous cultivons les plantes avec une technologie de pointe et l'intelligence artificielle.\",\"breadcrumb\":{\"@id\":\"https:\/\/pharmaflo.ca\/fr\/a-propos\/#breadcrumb\"},\"inLanguage\":\"fr-FR\",\"potentialAction\":[{\"@type\":\"ReadAction\",\"target\":[\"https:\/\/pharmaflo.ca\/fr\/a-propos\/\"]}]},{\"@type\":\"BreadcrumbList\",\"@id\":\"https:\/\/pharmaflo.ca\/fr\/a-propos\/#breadcrumb\",\"itemListElement\":[{\"@type\":\"ListItem\",\"position\":1,\"name\":\"Home\",\"item\":\"https:\/\/pharmaflo.ca\/fr\/accueil\/\"},{\"@type\":\"ListItem\",\"position\":2,\"name\":\"\u00c0 propos\"}]},{\"@type\":\"WebSite\",\"@id\":\"https:\/\/pharmaflo.ca\/fr\/#website\",\"url\":\"https:\/\/pharmaflo.ca\/fr\/\",\"name\":\"PharmaFlo\",\"description\":\"Leader In Pharmaceutical Plant-Based Compounds\",\"potentialAction\":[{\"@type\":\"SearchAction\",\"target\":{\"@type\":\"EntryPoint\",\"urlTemplate\":\"https:\/\/pharmaflo.ca\/fr\/?s={search_term_string}\"},\"query-input\":\"required name=search_term_string\"}],\"inLanguage\":\"fr-FR\"}]}<\/script>\n<!-- \/ Yoast SEO plugin. -->","yoast_head_json":{"title":"\u00c0 propos - PharmaFlo","description":"Notre mission est de r\u00e9inventer la fa\u00e7on dont nous cultivons les plantes avec une technologie de pointe et l'intelligence artificielle.","robots":{"index":"index","follow":"follow","max-snippet":"max-snippet:-1","max-image-preview":"max-image-preview:large","max-video-preview":"max-video-preview:-1"},"canonical":"https:\/\/pharmaflo.ca\/fr\/a-propos\/","og_locale":"fr_FR","og_type":"article","og_title":"\u00c0 propos - PharmaFlo","og_description":"Notre mission est de r\u00e9inventer la fa\u00e7on dont nous cultivons les plantes avec une technologie de pointe et l'intelligence artificielle.","og_url":"https:\/\/pharmaflo.ca\/fr\/a-propos\/","og_site_name":"PharmaFlo","article_modified_time":"2023-11-23T21:38:07+00:00","twitter_card":"summary_large_image","twitter_misc":{"Dur\u00e9e de lecture estim\u00e9e":"3 minutes"},"schema":{"@context":"https:\/\/schema.org","@graph":[{"@type":"WebPage","@id":"https:\/\/pharmaflo.ca\/fr\/a-propos\/","url":"https:\/\/pharmaflo.ca\/fr\/a-propos\/","name":"\u00c0 propos - PharmaFlo","isPartOf":{"@id":"https:\/\/pharmaflo.ca\/fr\/#website"},"datePublished":"2023-05-07T21:13:50+00:00","dateModified":"2023-11-23T21:38:07+00:00","description":"Notre mission est de r\u00e9inventer la fa\u00e7on dont nous cultivons les plantes avec une technologie de pointe et l'intelligence artificielle.","breadcrumb":{"@id":"https:\/\/pharmaflo.ca\/fr\/a-propos\/#breadcrumb"},"inLanguage":"fr-FR","potentialAction":[{"@type":"ReadAction","target":["https:\/\/pharmaflo.ca\/fr\/a-propos\/"]}]},{"@type":"BreadcrumbList","@id":"https:\/\/pharmaflo.ca\/fr\/a-propos\/#breadcrumb","itemListElement":[{"@type":"ListItem","position":1,"name":"Home","item":"https:\/\/pharmaflo.ca\/fr\/accueil\/"},{"@type":"ListItem","position":2,"name":"\u00c0 propos"}]},{"@type":"WebSite","@id":"https:\/\/pharmaflo.ca\/fr\/#website","url":"https:\/\/pharmaflo.ca\/fr\/","name":"PharmaFlo","description":"Leader In Pharmaceutical Plant-Based Compounds","potentialAction":[{"@type":"SearchAction","target":{"@type":"EntryPoint","urlTemplate":"https:\/\/pharmaflo.ca\/fr\/?s={search_term_string}"},"query-input":"required name=search_term_string"}],"inLanguage":"fr-FR"}]}},"_links":{"self":[{"href":"https:\/\/pharmaflo.ca\/fr\/wp-json\/wp\/v2\/pages\/311","targetHints":{"allow":["GET"]}}],"collection":[{"href":"https:\/\/pharmaflo.ca\/fr\/wp-json\/wp\/v2\/pages"}],"about":[{"href":"https:\/\/pharmaflo.ca\/fr\/wp-json\/wp\/v2\/types\/page"}],"author":[{"embeddable":true,"href":"https:\/\/pharmaflo.ca\/fr\/wp-json\/wp\/v2\/users\/2"}],"replies":[{"embeddable":true,"href":"https:\/\/pharmaflo.ca\/fr\/wp-json\/wp\/v2\/comments?post=311"}],"version-history":[{"count":0,"href":"https:\/\/pharmaflo.ca\/fr\/wp-json\/wp\/v2\/pages\/311\/revisions"}],"wp:attachment":[{"href":"https:\/\/pharmaflo.ca\/fr\/wp-json\/wp\/v2\/media?parent=311"}],"curies":[{"name":"wp","href":"https:\/\/api.w.org\/{rel}","templated":true}]}}